{"id":1280,"date":"2025-04-21T00:48:01","date_gmt":"2025-04-20T22:48:01","guid":{"rendered":"https:\/\/hotelnagykanizsa.hu\/?page_id=1280"},"modified":"2025-05-05T19:57:33","modified_gmt":"2025-05-05T17:57:33","slug":"impresszum","status":"publish","type":"page","link":"https:\/\/hotelnagykanizsa.hu\/en\/impresszum\/","title":{"rendered":"Impressum"},"content":{"rendered":"<div data-elementor-type=\"wp-page\" data-elementor-id=\"1280\" class=\"elementor elementor-1280\" data-elementor-post-type=\"page\">\n\t\t\t\t<div class=\"elementor-element elementor-element-3dd4851 e-flex e-con-boxed e-con e-parent\" data-id=\"3dd4851\" data-element_type=\"container\" data-settings=\"{&quot;background_background&quot;:&quot;classic&quot;}\">\n\t\t\t\t\t<div class=\"e-con-inner\">\n\t\t<div class=\"elementor-element elementor-element-a07f337 e-con-full e-flex e-con e-child\" data-id=\"a07f337\" data-element_type=\"container\">\n\t\t\t\t<div class=\"elementor-element elementor-element-ce4218a elementor-widget elementor-widget-heading\" data-id=\"ce4218a\" data-element_type=\"widget\" data-widget_type=\"heading.default\">\n\t\t\t\t<div class=\"elementor-widget-container\">\n\t\t\t\t\t<h1 class=\"elementor-heading-title elementor-size-default\">Impressum<\/h1>\t\t\t\t<\/div>\n\t\t\t\t<\/div>\n\t\t\t\t<\/div>\n\t\t\t\t\t<\/div>\n\t\t\t\t<\/div>\n\t\t<div class=\"elementor-element elementor-element-480a21da e-flex e-con-boxed e-con e-parent\" data-id=\"480a21da\" data-element_type=\"container\">\n\t\t\t\t\t<div class=\"e-con-inner\">\n\t\t\t\t<div class=\"elementor-element elementor-element-f7a189a elementor-widget elementor-widget-text-editor\" data-id=\"f7a189a\" data-element_type=\"widget\" data-widget_type=\"text-editor.default\">\n\t\t\t\t<div class=\"elementor-widget-container\">\n\t\t\t\t\t\t\t\t\t\n<p><strong>Accommodation Name:<\/strong> O\u00e1zis Hotel***<\/p>\n\n<p class=\" translation-block\"><strong>Company details:<\/strong><br>Company name: Optimum-Nk Kft.<br>Company headquarters: 8800 Nagykanizsa, Kir\u00e1lyi P\u00e1l utca 15.<br>Mailing address: 8800 Nagykanizsa, Magyar utca 19.<br>Tax number: 11346935-2-20<br>Company register number: 20-09-061684<br>Account number: 10300002-13316122-00014902<br>IBAN: HU50 10300002-13316122-00014902<br>Swift: MKKB HU HB<\/p>\n\n<p><strong>Phone:<\/strong><br \/><a href=\"tel:+36205592227\">+36 20 559-2227<\/a><\/p>\n\n<p><br \/><strong>Contact:<\/strong><br \/>Information and booking: <a href=\"mailto:oazis@hotelnagykanizsa.hu\">oazis@hotelnagykanizsa.hu<br \/><\/a>Weboldal: www.hotelnagykanizsa.hu<\/p>\n\n<p>\u00a0<\/p>\n\t\t\t\t\t\t\t\t<\/div>\n\t\t\t\t<\/div>\n\t\t\t\t\t<\/div>\n\t\t\t\t<\/div>\n\t\t\t\t<\/div>","protected":false},"excerpt":{"rendered":"<p>Impresszum Sz\u00e1ll\u00e1shely Neve: O\u00e1zis Hotel*** C\u00e9gadatok:C\u00e9gn\u00e9v: Optimum-Nk Kft.C\u00e9g Sz\u00e9khelye: 8800 Nagykanizsa, Kir\u00e1lyi P\u00e1l utca 15.Levelez\u00e9si C\u00edm: 8800 Nagykanizsa, Magyar utca 19.Ad\u00f3sz\u00e1m: 11346935-2-20C\u00e9gjegyz\u00e9k sz\u00e1m: 20-09-061684Sz\u00e1mlasz\u00e1m: 10300002-13316122-00014902IBAN: HU50 10300002-13316122-00014902Swift: MKKB HU HB Telefonos el\u00e9rhet\u0151s\u00e9gek:+36 20 559-2227 Internetes el\u00e9rhet\u0151s\u00e9gek:Inform\u00e1ci\u00f3 \u00e9s szobafoglal\u00e1s: oazis@hotelnagykanizsa.huWeboldal: www.hotelnagykanizsa.hu \u00a0<\/p>","protected":false},"author":1,"featured_media":0,"parent":0,"menu_order":0,"comment_status":"closed","ping_status":"closed","template":"elementor_header_footer","meta":{"site-sidebar-layout":"default","site-content-layout":"","ast-site-content-layout":"full-width-container","site-content-style":"default","site-sidebar-style":"default","ast-global-header-display":"","ast-banner-title-visibility":"","ast-main-header-display":"","ast-hfb-above-header-display":"","ast-hfb-below-header-display":"","ast-hfb-mobile-header-display":"","site-post-title":"","ast-breadcrumbs-content":"","ast-featured-img":"","footer-sml-layout":"","theme-transparent-header-meta":"","adv-header-id-meta":"","stick-header-meta":"","header-above-stick-meta":"","header-main-stick-meta":"","header-below-stick-meta":"","astra-migrate-meta-layouts":"set","ast-page-background-enabled":"default","ast-page-background-meta":{"desktop":{"background-color":"","background-image":"","background-repeat":"repeat","background-position":"center center","background-size":"auto","background-attachment":"scroll","background-type":"","background-media":"","overlay-type":"","overlay-color":"","overlay-opacity":"","overlay-gradient":""},"tablet":{"background-color":"","background-image":"","background-repeat":"repeat","background-position":"center center","background-size":"auto","background-attachment":"scroll","background-type":"","background-media":"","overlay-type":"","overlay-color":"","overlay-opacity":"","overlay-gradient":""},"mobile":{"background-color":"","background-image":"","background-repeat":"repeat","background-position":"center center","background-size":"auto","background-attachment":"scroll","background-type":"","background-media":"","overlay-type":"","overlay-color":"","overlay-opacity":"","overlay-gradient":""}},"ast-content-background-meta":{"desktop":{"background-color":"var(--ast-global-color-5)","background-image":"","background-repeat":"repeat","background-position":"center center","background-size":"auto","background-attachment":"scroll","background-type":"","background-media":"","overlay-type":"","overlay-color":"","overlay-opacity":"","overlay-gradient":""},"tablet":{"background-color":"var(--ast-global-color-5)","background-image":"","background-repeat":"repeat","background-position":"center center","background-size":"auto","background-attachment":"scroll","background-type":"","background-media":"","overlay-type":"","overlay-color":"","overlay-opacity":"","overlay-gradient":""},"mobile":{"background-color":"var(--ast-global-color-5)","background-image":"","background-repeat":"repeat","background-position":"center center","background-size":"auto","background-attachment":"scroll","background-type":"","background-media":"","overlay-type":"","overlay-color":"","overlay-opacity":"","overlay-gradient":""}},"footnotes":""},"class_list":["post-1280","page","type-page","status-publish","hentry"],"_links":{"self":[{"href":"https:\/\/hotelnagykanizsa.hu\/en\/wp-json\/wp\/v2\/pages\/1280","targetHints":{"allow":["GET"]}}],"collection":[{"href":"https:\/\/hotelnagykanizsa.hu\/en\/wp-json\/wp\/v2\/pages"}],"about":[{"href":"https:\/\/hotelnagykanizsa.hu\/en\/wp-json\/wp\/v2\/types\/page"}],"author":[{"embeddable":true,"href":"https:\/\/hotelnagykanizsa.hu\/en\/wp-json\/wp\/v2\/users\/1"}],"replies":[{"embeddable":true,"href":"https:\/\/hotelnagykanizsa.hu\/en\/wp-json\/wp\/v2\/comments?post=1280"}],"version-history":[{"count":4,"href":"https:\/\/hotelnagykanizsa.hu\/en\/wp-json\/wp\/v2\/pages\/1280\/revisions"}],"predecessor-version":[{"id":1719,"href":"https:\/\/hotelnagykanizsa.hu\/en\/wp-json\/wp\/v2\/pages\/1280\/revisions\/1719"}],"wp:attachment":[{"href":"https:\/\/hotelnagykanizsa.hu\/en\/wp-json\/wp\/v2\/media?parent=1280"}],"curies":[{"name":"wp","href":"https:\/\/api.w.org\/{rel}","templated":true}]}}