{"id":3,"date":"2025-03-24T17:08:10","date_gmt":"2025-03-24T16:08:10","guid":{"rendered":"https:\/\/hotelnagykanizsa.hu\/?page_id=3"},"modified":"2025-05-05T19:59:18","modified_gmt":"2025-05-05T17:59:18","slug":"adatvedelem","status":"publish","type":"page","link":"https:\/\/hotelnagykanizsa.hu\/en\/adatvedelem\/","title":{"rendered":"Data protection"},"content":{"rendered":"<div data-elementor-type=\"wp-page\" data-elementor-id=\"3\" class=\"elementor elementor-3\" data-elementor-post-type=\"page\">\n\t\t\t\t<div class=\"elementor-element elementor-element-15e3eb8 e-flex e-con-boxed e-con e-parent\" data-id=\"15e3eb8\" data-element_type=\"container\" data-settings=\"{&quot;background_background&quot;:&quot;classic&quot;}\">\n\t\t\t\t\t<div class=\"e-con-inner\">\n\t\t<div class=\"elementor-element elementor-element-957301c e-con-full e-flex e-con e-child\" data-id=\"957301c\" data-element_type=\"container\">\n\t\t\t\t<div class=\"elementor-element elementor-element-4fbe5f9 elementor-widget elementor-widget-heading\" data-id=\"4fbe5f9\" data-element_type=\"widget\" data-widget_type=\"heading.default\">\n\t\t\t\t<div class=\"elementor-widget-container\">\n\t\t\t\t\t<h1 class=\"elementor-heading-title elementor-size-default\">Data protection<\/h1>\t\t\t\t<\/div>\n\t\t\t\t<\/div>\n\t\t\t\t<\/div>\n\t\t\t\t\t<\/div>\n\t\t\t\t<\/div>\n\t\t<div class=\"elementor-element elementor-element-577e1c13 e-flex e-con-boxed e-con e-parent\" data-id=\"577e1c13\" data-element_type=\"container\">\n\t\t\t\t\t<div class=\"e-con-inner\">\n\t\t\t\t<div class=\"elementor-element elementor-element-c0bf773 elementor-widget elementor-widget-text-editor\" data-id=\"c0bf773\" data-element_type=\"widget\" data-widget_type=\"text-editor.default\">\n\t\t\t\t<div class=\"elementor-widget-container\">\n\t\t\t\t\t\t\t\t\t<h2>Who we are<\/h2>\n<p><!-- \/wp:heading --><!-- wp:paragraph --><\/p>\n<p><strong>Accommodation Name:<\/strong> O\u00e1zis Hotel***<\/p>\n<p><b>Company details:<\/b><\/p>\n<p class=\" translation-block\">Company name: Optimum-Nk Kft.<br><span style=\"font-style: inherit;font-weight: inherit\">Company headquarters: 8800 Nagykanizsa, Kir\u00e1lyi P\u00e1l utca 15.<br><\/span><span style=\"font-style: inherit;font-weight: inherit\">Mailing address: 8800 Nagykanizsa, Magyar utca 19.<br><\/span><span style=\"font-style: inherit;font-weight: inherit\">Tax number: 11346935-2-20<br><\/span><span style=\"font-style: inherit;font-weight: inherit\">Company register number: 20-09-061684<br><\/span><span style=\"font-style: inherit;font-weight: inherit\">Account number: 10300002-13316122-00014902<br><\/span><span style=\"font-style: inherit;font-weight: inherit\">IBAN: HU50 10300002-13316122-00014902<br><\/span><span style=\"font-style: inherit;font-weight: inherit\">Swift: MKKB HU HB<\/span><\/p>\n<p><span style=\"font-style: inherit;\"><b>Phone:<\/b><\/span><span style=\"font-style: inherit; font-weight: inherit;\">\u00a0<\/span><span style=\"font-style: inherit; font-weight: inherit;\">+36 20 559-2227<\/span><\/p>\n<p><span style=\"font-style: inherit;\"><b>Contact:<\/b><\/span><\/p>\n<p><strong>Information and booking:<\/strong> oazis@hotelnagykanizsa.hu<\/p>\n<p><strong>Website:<\/strong> www.hotelnagykanizsa.hu<\/p>\n<p>\u00a0<\/p>\n<p><!-- \/wp:paragraph --><!-- wp:heading --><\/p>\n<h2>Comments<\/h2>\n<p><!-- \/wp:heading --><!-- wp:paragraph --><\/p>\n<p>When submitting a comment, in addition to what is provided in the comment form, the commenter's IP address and browser identifier string are collected for the purpose of filtering out unwanted content.<\/p>\n<p><!-- \/wp:paragraph --><!-- wp:paragraph --><\/p>\n<p>An anonymized string (often called a hash) generated from your email address will be sent to the Gravatar service if it is used on the site. The Gravatar terms of service can be viewed at https:\/\/automattic.com\/privacy\/. Once your comment is accepted, the content of your comment and your profile picture will be made public.<\/p>\n<p><!-- \/wp:paragraph --><!-- wp:heading --><\/p>\n<h2>Media<\/h2>\n<p><!-- \/wp:heading --><!-- wp:paragraph --><\/p>\n<p>Amennyiben regisztr\u00e1lt felhaszn\u00e1l\u00f3 \u00e1ltal ker\u00fcl k\u00e9p felt\u00f6lt\u00e9sre a honlapra, ker\u00fclni kell az az olyan EXIF-eket, amelyekben GPS poz\u00edci\u00f3 adatok is szerepelnek. A honlap l\u00e1togat\u00f3i ezeket let\u00f6lthetik \u00e9s kinyerhetik a helyadatokat a honlapon tal\u00e1lhat\u00f3 k\u00e9pekb\u0151l.<\/p>\n<p><!-- \/wp:paragraph --><!-- wp:heading --><\/p>\n<h2>S\u00fctik<\/h2>\n<p><!-- \/wp:heading --><!-- wp:paragraph --><\/p>\n<p>When you leave a comment on the website, we store your name, email address, and website address in cookies. The storage is for convenience purposes, so you don't have to fill in these fields the next time you post a comment. The cookies expire one year.<\/p>\n<p><!-- \/wp:paragraph --><!-- wp:paragraph --><\/p>\n<p>When you visit the login page, we set temporary cookies to determine whether your browser accepts cookies. These cookies do not contain any personal information and are deleted when you close your browser.<\/p>\n<p><!-- \/wp:paragraph --><!-- wp:paragraph --><\/p>\n<p>When you log in to the website, we create several cookies that save your login information and the display options of the editor. The login cookies are valid for two days, the cookie that stores the options of the editor screen lasts for one year. If you check the \"Remember me\" option, the login will continue for two weeks. When you log out, the login cookies are removed.<\/p>\n<p><!-- \/wp:paragraph --><!-- wp:paragraph --><\/p>\n<p>When you edit a post or page, another cookie is stored in your browser. This cookie does not contain any personal information, it simply stores the ID number of the post you edited. It expires in one day.<\/p>\n<p><!-- \/wp:paragraph --><!-- wp:heading --><\/p>\n<h2>Embedded content from other websites<\/h2>\n<p><!-- \/wp:heading --><!-- wp:paragraph --><\/p>\n<p>Posts available on the website may use embedded content from external sources (e.g. videos, images, articles, etc.). Embedded content from external sources behaves exactly as if we had visited another website.<\/p>\n<p><!-- \/wp:paragraph --><!-- wp:paragraph --><\/p>\n<p>These websites may collect data about visitors, use cookies or third-party tracking code, and monitor user behavior related to embedded content if we have a user account and are logged in to the site.<\/p>\n<p><!-- \/wp:paragraph --><!-- wp:heading --><\/p>\n<h2>Who we share user data with<\/h2>\n<p><!-- \/wp:heading --><!-- wp:paragraph --><\/p>\n<p>If you request a password reset, the IP address will be included in the reset email.<\/p>\n<p><!-- \/wp:paragraph --><!-- wp:heading --><\/p>\n<h2>How long do we keep personal data?<\/h2>\n<p><!-- \/wp:heading --><!-- wp:paragraph --><\/p>\n<p>When you comment, the comment and its metadata will remain in the system for an indefinite period of time. This is to ensure that any subsequent comments are reviewed and approved by us, meaning they will not be added to the list of comments to be moderated.<\/p>\n<p><!-- \/wp:paragraph --><!-- wp:paragraph --><\/p>\n<p>The personal data of registered users on the website (if any) are also stored in their own user profile. Each user can view, edit or delete their personal data at any time (except that they cannot change their own username). The website administrators can also view and edit this information.<\/p>\n<p><!-- \/wp:paragraph --><!-- wp:heading --><\/p>\n<h2>What rights does the user have regarding their own data?<\/h2>\n<p><!-- \/wp:heading --><!-- wp:paragraph --><\/p>\n<p>If you register for an account or leave a comment on this website, you may request to receive an export file of your personal data, which includes any data you have previously provided to us. You may also request that we delete any personal data you have previously provided. This does not apply to data that we are required to retain for administrative, legal or security reasons.<\/p>\n<p><!-- \/wp:paragraph --><!-- wp:heading --><\/p>\n<h2>Data transmission<\/h2>\n<p><!-- \/wp:heading --><!-- wp:paragraph --><\/p>\n<p>Comments submitted by visitors may be checked by an automatic spam filtering service.<\/p>\n<p><!-- \/wp:paragraph --><\/p>\t\t\t\t\t\t\t\t<\/div>\n\t\t\t\t<\/div>\n\t\t\t\t\t<\/div>\n\t\t\t\t<\/div>\n\t\t\t\t<\/div>","protected":false},"excerpt":{"rendered":"<p>Adatkezel\u00e9si t\u00e1j\u00e9koztat\u00f3 Kik vagyunk Sz\u00e1ll\u00e1shely Neve: O\u00e1zis Hotel*** C\u00e9gadatok: C\u00e9gn\u00e9v: Optimum-Nk Kft.C\u00e9g Sz\u00e9khelye: 8800 Nagykanizsa, Kir\u00e1lyi P\u00e1l utca 15.Levelez\u00e9si C\u00edm: 8800 Nagykanizsa, Magyar utca 19.Ad\u00f3sz\u00e1m: 11346935-2-20C\u00e9gjegyz\u00e9k sz\u00e1m: 20-09-061684Sz\u00e1mlasz\u00e1m: 10300002-13316122-00014902IBAN: HU50 10300002-13316122-00014902Swift: MKKB HU HB Telefonos el\u00e9rhet\u0151s\u00e9gek:\u00a0+36 20 559-2227 Internetes el\u00e9rhet\u0151s\u00e9gek: Inform\u00e1ci\u00f3 \u00e9s szobafoglal\u00e1s: oazis@hotelnagykanizsa.hu Weboldal: www.hotelnagykanizsa.hu \u00a0 Hozz\u00e1sz\u00f3l\u00e1sok Hozz\u00e1sz\u00f3l\u00e1s bek\u00fcld\u00e9sekor a hozz\u00e1sz\u00f3l\u00e1si \u0171rlapban megadottakon k\u00edv\u00fcl [&hellip;]<\/p>","protected":false},"author":1,"featured_media":0,"parent":0,"menu_order":0,"comment_status":"closed","ping_status":"open","template":"elementor_header_footer","meta":{"site-sidebar-layout":"default","site-content-layout":"","ast-site-content-layout":"full-width-container","site-content-style":"default","site-sidebar-style":"default","ast-global-header-display":"","ast-banner-title-visibility":"","ast-main-header-display":"","ast-hfb-above-header-display":"","ast-hfb-below-header-display":"","ast-hfb-mobile-header-display":"","site-post-title":"","ast-breadcrumbs-content":"","ast-featured-img":"","footer-sml-layout":"","theme-transparent-header-meta":"","adv-header-id-meta":"","stick-header-meta":"","header-above-stick-meta":"","header-main-stick-meta":"","header-below-stick-meta":"","astra-migrate-meta-layouts":"set","ast-page-background-enabled":"default","ast-page-background-meta":{"desktop":{"background-color":"","background-image":"","background-repeat":"repeat","background-position":"center center","background-size":"auto","background-attachment":"scroll","background-type":"","background-media":"","overlay-type":"","overlay-color":"","overlay-opacity":"","overlay-gradient":""},"tablet":{"background-color":"","background-image":"","background-repeat":"repeat","background-position":"center center","background-size":"auto","background-attachment":"scroll","background-type":"","background-media":"","overlay-type":"","overlay-color":"","overlay-opacity":"","overlay-gradient":""},"mobile":{"background-color":"","background-image":"","background-repeat":"repeat","background-position":"center center","background-size":"auto","background-attachment":"scroll","background-type":"","background-media":"","overlay-type":"","overlay-color":"","overlay-opacity":"","overlay-gradient":""}},"ast-content-background-meta":{"desktop":{"background-color":"var(--ast-global-color-5)","background-image":"","background-repeat":"repeat","background-position":"center center","background-size":"auto","background-attachment":"scroll","background-type":"","background-media":"","overlay-type":"","overlay-color":"","overlay-opacity":"","overlay-gradient":""},"tablet":{"background-color":"var(--ast-global-color-5)","background-image":"","background-repeat":"repeat","background-position":"center center","background-size":"auto","background-attachment":"scroll","background-type":"","background-media":"","overlay-type":"","overlay-color":"","overlay-opacity":"","overlay-gradient":""},"mobile":{"background-color":"var(--ast-global-color-5)","background-image":"","background-repeat":"repeat","background-position":"center center","background-size":"auto","background-attachment":"scroll","background-type":"","background-media":"","overlay-type":"","overlay-color":"","overlay-opacity":"","overlay-gradient":""}},"footnotes":""},"class_list":["post-3","page","type-page","status-publish","hentry"],"_links":{"self":[{"href":"https:\/\/hotelnagykanizsa.hu\/en\/wp-json\/wp\/v2\/pages\/3","targetHints":{"allow":["GET"]}}],"collection":[{"href":"https:\/\/hotelnagykanizsa.hu\/en\/wp-json\/wp\/v2\/pages"}],"about":[{"href":"https:\/\/hotelnagykanizsa.hu\/en\/wp-json\/wp\/v2\/types\/page"}],"author":[{"embeddable":true,"href":"https:\/\/hotelnagykanizsa.hu\/en\/wp-json\/wp\/v2\/users\/1"}],"replies":[{"embeddable":true,"href":"https:\/\/hotelnagykanizsa.hu\/en\/wp-json\/wp\/v2\/comments?post=3"}],"version-history":[{"count":4,"href":"https:\/\/hotelnagykanizsa.hu\/en\/wp-json\/wp\/v2\/pages\/3\/revisions"}],"predecessor-version":[{"id":1723,"href":"https:\/\/hotelnagykanizsa.hu\/en\/wp-json\/wp\/v2\/pages\/3\/revisions\/1723"}],"wp:attachment":[{"href":"https:\/\/hotelnagykanizsa.hu\/en\/wp-json\/wp\/v2\/media?parent=3"}],"curies":[{"name":"wp","href":"https:\/\/api.w.org\/{rel}","templated":true}]}}