{"id":789,"date":"2025-04-02T19:26:25","date_gmt":"2025-04-02T17:26:25","guid":{"rendered":"https:\/\/hotelnagykanizsa.hu\/?page_id=789"},"modified":"2025-06-16T18:04:40","modified_gmt":"2025-06-16T16:04:40","slug":"szolgaltatasok","status":"publish","type":"page","link":"https:\/\/hotelnagykanizsa.hu\/en\/szolgaltatasok\/","title":{"rendered":"Szolg\u00e1ltat\u00e1sok"},"content":{"rendered":"<div data-elementor-type=\"wp-page\" data-elementor-id=\"789\" class=\"elementor elementor-789\" data-elementor-post-type=\"page\">\n\t\t\t\t<div class=\"elementor-element elementor-element-8964a35 e-flex e-con-boxed e-con e-parent\" data-id=\"8964a35\" data-element_type=\"container\" data-settings=\"{&quot;background_background&quot;:&quot;classic&quot;}\">\n\t\t\t\t\t<div class=\"e-con-inner\">\n\t\t<div class=\"elementor-element elementor-element-d5c51b7 e-con-full e-flex e-con e-child\" data-id=\"d5c51b7\" data-element_type=\"container\">\n\t\t\t\t<div class=\"elementor-element elementor-element-48c8402 elementor-widget elementor-widget-heading\" data-id=\"48c8402\" data-element_type=\"widget\" data-widget_type=\"heading.default\">\n\t\t\t\t<div class=\"elementor-widget-container\">\n\t\t\t\t\t<h1 class=\"elementor-heading-title elementor-size-default\">Our services<\/h1>\t\t\t\t<\/div>\n\t\t\t\t<\/div>\n\t\t\t\t<\/div>\n\t\t\t\t\t<\/div>\n\t\t\t\t<\/div>\n\t\t<div class=\"elementor-element elementor-element-a3758ce e-flex e-con-boxed e-con e-parent\" data-id=\"a3758ce\" data-element_type=\"container\" data-settings=\"{&quot;background_background&quot;:&quot;classic&quot;}\">\n\t\t\t\t\t<div class=\"e-con-inner\">\n\t\t<div class=\"elementor-element elementor-element-0cc9c83 e-con-full e-flex e-con e-child\" data-id=\"0cc9c83\" data-element_type=\"container\">\n\t\t<div class=\"elementor-element elementor-element-d94ab46 e-con-full e-flex e-con e-child\" data-id=\"d94ab46\" data-element_type=\"container\">\n\t\t<div class=\"elementor-element elementor-element-9ed807e e-con-full e-flex e-con e-child\" data-id=\"9ed807e\" data-element_type=\"container\">\n\t\t\t\t<div class=\"elementor-element elementor-element-9caf1fb elementor-widget elementor-widget-image\" data-id=\"9caf1fb\" data-element_type=\"widget\" data-widget_type=\"image.default\">\n\t\t\t\t<div class=\"elementor-widget-container\">\n\t\t\t\t\t\t\t\t\t\t\t\t\t\t\t\t<a href=\"https:\/\/hotelnagykanizsa.hu\/wellness\/\">\n\t\t\t\t\t\t\t<img fetchpriority=\"high\" decoding=\"async\" width=\"1617\" height=\"1078\" src=\"https:\/\/hotelnagykanizsa.hu\/wp-content\/uploads\/2025\/06\/oazis-wellness-SIG03587-HDR.jpg\" class=\"attachment-full size-full wp-image-2225\" alt=\"\" srcset=\"https:\/\/hotelnagykanizsa.hu\/wp-content\/uploads\/2025\/06\/oazis-wellness-SIG03587-HDR.jpg 1617w, https:\/\/hotelnagykanizsa.hu\/wp-content\/uploads\/2025\/06\/oazis-wellness-SIG03587-HDR-300x200.jpg 300w, https:\/\/hotelnagykanizsa.hu\/wp-content\/uploads\/2025\/06\/oazis-wellness-SIG03587-HDR-1024x683.jpg 1024w, https:\/\/hotelnagykanizsa.hu\/wp-content\/uploads\/2025\/06\/oazis-wellness-SIG03587-HDR-768x512.jpg 768w, https:\/\/hotelnagykanizsa.hu\/wp-content\/uploads\/2025\/06\/oazis-wellness-SIG03587-HDR-1536x1024.jpg 1536w, https:\/\/hotelnagykanizsa.hu\/wp-content\/uploads\/2025\/06\/oazis-wellness-SIG03587-HDR-18x12.jpg 18w\" sizes=\"(max-width: 1617px) 100vw, 1617px\" \/>\t\t\t\t\t\t\t\t<\/a>\n\t\t\t\t\t\t\t\t\t\t\t\t\t\t\t<\/div>\n\t\t\t\t<\/div>\n\t\t\t\t<div class=\"elementor-element elementor-element-6c2400d elementor-widget elementor-widget-image-box\" data-id=\"6c2400d\" data-element_type=\"widget\" data-widget_type=\"image-box.default\">\n\t\t\t\t<div class=\"elementor-widget-container\">\n\t\t\t\t\t<div class=\"elementor-image-box-wrapper\"><div class=\"elementor-image-box-content\"><h3 class=\"elementor-image-box-title\"><a href=\"https:\/\/hotelnagykanizsa.hu\/wellness\/\">Wellness<\/a><\/h3><p class=\"elementor-image-box-description\">Egyed\u00fcl\u00e1ll\u00f3 Alhambra wellness r\u00e9szleg\u00fcnk v\u00e1rja pihenni v\u00e1gy\u00f3 vend\u00e9geinket, ahol egy jacuzzi \u00e9s k\u00e9t f\u00e9le szauna, finn \u00e9s kombin\u00e1lt finn\/infra szauna, mer\u00fcl\u0151 medence \u00e9s nyug\u00e1gyak biztos\u00edtj\u00e1k a t\u00f6k\u00e9letes pihen\u00e9st kellemes, l\u00e1gy relax\u00e1ci\u00f3s zene k\u00eds\u00e9ret\u00e9ben. Wellness r\u00e9szleg\u00fcnket lehet\u0151s\u00e9g van k\u00fcls\u0151s vend\u00e9gek sz\u00e1m\u00e1ra is ig\u00e9nybe venni.\n<\/p><\/div><\/div>\t\t\t\t<\/div>\n\t\t\t\t<\/div>\n\t\t\t\t<\/div>\n\t\t<div class=\"elementor-element elementor-element-3984ad3 e-con-full e-flex e-con e-child\" data-id=\"3984ad3\" data-element_type=\"container\">\n\t\t\t\t<div class=\"elementor-element elementor-element-bd66c9b elementor-widget elementor-widget-image\" data-id=\"bd66c9b\" data-element_type=\"widget\" data-widget_type=\"image.default\">\n\t\t\t\t<div class=\"elementor-widget-container\">\n\t\t\t\t\t\t\t\t\t\t\t\t\t\t\t<img decoding=\"async\" width=\"1859\" height=\"1240\" src=\"https:\/\/hotelnagykanizsa.hu\/wp-content\/uploads\/2025\/04\/Oazis-Reggelizo-Konferencia-terem-2.jpg\" class=\"attachment-full size-full wp-image-1292\" alt=\"\" srcset=\"https:\/\/hotelnagykanizsa.hu\/wp-content\/uploads\/2025\/04\/Oazis-Reggelizo-Konferencia-terem-2.jpg 1859w, https:\/\/hotelnagykanizsa.hu\/wp-content\/uploads\/2025\/04\/Oazis-Reggelizo-Konferencia-terem-2-300x200.jpg 300w, https:\/\/hotelnagykanizsa.hu\/wp-content\/uploads\/2025\/04\/Oazis-Reggelizo-Konferencia-terem-2-1024x683.jpg 1024w, https:\/\/hotelnagykanizsa.hu\/wp-content\/uploads\/2025\/04\/Oazis-Reggelizo-Konferencia-terem-2-768x512.jpg 768w, https:\/\/hotelnagykanizsa.hu\/wp-content\/uploads\/2025\/04\/Oazis-Reggelizo-Konferencia-terem-2-1536x1025.jpg 1536w\" sizes=\"(max-width: 1859px) 100vw, 1859px\" \/>\t\t\t\t\t\t\t\t\t\t\t\t\t\t\t<\/div>\n\t\t\t\t<\/div>\n\t\t\t\t<div class=\"elementor-element elementor-element-9b96487 elementor-widget elementor-widget-image-box\" data-id=\"9b96487\" data-element_type=\"widget\" data-widget_type=\"image-box.default\">\n\t\t\t\t<div class=\"elementor-widget-container\">\n\t\t\t\t\t<div class=\"elementor-image-box-wrapper\"><div class=\"elementor-image-box-content\"><h3 class=\"elementor-image-box-title\">Rendezv\u00e9nyterem<\/h3><p class=\"elementor-image-box-description\">Konferenciaterm\u00fcnk ide\u00e1lis helysz\u00ednt biztos\u00edt 60 f\u0151ig egy\u00e9ni ig\u00e9nyek alapj\u00e1n b\u00e9relhet\u0151 c\u00e9ges rendezv\u00e9nyek, el\u0151ad\u00e1sok, meetingek, csapat\u00e9p\u00edt\u0151 vagy ak\u00e1r csal\u00e1di \u00f6sszej\u00f6vetelek c\u00e9lj\u00e1b\u00f3l. K\u00f6nnyed\u00e9n igazodunk a rendezv\u00e9nyek jelleg\u00e9hez \u00e9s egyedi ig\u00e9nyekhez. A k\u00e9nyelmes k\u00f6rnyezet \u00e9s a professzion\u00e1lis szolg\u00e1ltat\u00e1sok biztos\u00edtj\u00e1k, hogy minden esem\u00e9ny z\u00f6kken\u0151mentesen \u00e9s sikeresen legyen reprezent\u00e1lva.\n<\/p><\/div><\/div>\t\t\t\t<\/div>\n\t\t\t\t<\/div>\n\t\t\t\t<\/div>\n\t\t<div class=\"elementor-element elementor-element-4af698b e-con-full e-flex e-con e-child\" data-id=\"4af698b\" data-element_type=\"container\">\n\t\t\t\t<div class=\"elementor-element elementor-element-8a2c64b elementor-widget elementor-widget-image\" data-id=\"8a2c64b\" data-element_type=\"widget\" data-widget_type=\"image.default\">\n\t\t\t\t<div class=\"elementor-widget-container\">\n\t\t\t\t\t\t\t\t\t\t\t\t\t\t\t<img decoding=\"async\" width=\"1568\" height=\"1045\" src=\"https:\/\/hotelnagykanizsa.hu\/wp-content\/uploads\/2025\/06\/oazis-recepcio-hall-SIG03954-HDR.jpg\" class=\"attachment-full size-full wp-image-2284\" alt=\"\" srcset=\"https:\/\/hotelnagykanizsa.hu\/wp-content\/uploads\/2025\/06\/oazis-recepcio-hall-SIG03954-HDR.jpg 1568w, https:\/\/hotelnagykanizsa.hu\/wp-content\/uploads\/2025\/06\/oazis-recepcio-hall-SIG03954-HDR-300x200.jpg 300w, https:\/\/hotelnagykanizsa.hu\/wp-content\/uploads\/2025\/06\/oazis-recepcio-hall-SIG03954-HDR-1024x682.jpg 1024w, https:\/\/hotelnagykanizsa.hu\/wp-content\/uploads\/2025\/06\/oazis-recepcio-hall-SIG03954-HDR-768x512.jpg 768w, https:\/\/hotelnagykanizsa.hu\/wp-content\/uploads\/2025\/06\/oazis-recepcio-hall-SIG03954-HDR-1536x1024.jpg 1536w, https:\/\/hotelnagykanizsa.hu\/wp-content\/uploads\/2025\/06\/oazis-recepcio-hall-SIG03954-HDR-18x12.jpg 18w\" sizes=\"(max-width: 1568px) 100vw, 1568px\" \/>\t\t\t\t\t\t\t\t\t\t\t\t\t\t\t<\/div>\n\t\t\t\t<\/div>\n\t\t\t\t<div class=\"elementor-element elementor-element-50b7226 elementor-widget elementor-widget-image-box\" data-id=\"50b7226\" data-element_type=\"widget\" data-widget_type=\"image-box.default\">\n\t\t\t\t<div class=\"elementor-widget-container\">\n\t\t\t\t\t<div class=\"elementor-image-box-wrapper\"><div class=\"elementor-image-box-content\"><h3 class=\"elementor-image-box-title\">Lobbyb\u00e1r<\/h3><p class=\"elementor-image-box-description\">Sz\u00e9les italk\u00edn\u00e1lattal v\u00e1rja kikapcsol\u00f3dni v\u00e1gy\u00f3 vend\u00e9geinket, ak\u00e1r sz\u00e1ll\u00f3vend\u00e9geink ak\u00e1r csak egy belv\u00e1rosi s\u00e9ta sor\u00e1n megpihenn\u00e9nek. A bar\u00e1ts\u00e1gos \u00e9s eleg\u00e1ns k\u00f6rnyezetben a vend\u00e9gek \u00e9lvezhetik a finom kokt\u00e9lokat, friss\u00edt\u0151 italokat \u00e9s a k\u00fcl\u00f6nleges borv\u00e1laszt\u00e9kot, mik\u00f6zben a nyugodt l\u00e9gk\u00f6r seg\u00edti a t\u00f6k\u00e9letes kikapcsol\u00f3d\u00e1st.\n<\/p><\/div><\/div>\t\t\t\t<\/div>\n\t\t\t\t<\/div>\n\t\t\t\t<\/div>\n\t\t\t\t<\/div>\n\t\t<div class=\"elementor-element elementor-element-6faf423 e-con-full e-flex e-con e-child\" data-id=\"6faf423\" data-element_type=\"container\">\n\t\t<div class=\"elementor-element elementor-element-10ca858 e-con-full e-flex e-con e-child\" data-id=\"10ca858\" data-element_type=\"container\">\n\t\t\t\t<div class=\"elementor-element elementor-element-f09263a elementor-widget elementor-widget-image\" data-id=\"f09263a\" data-element_type=\"widget\" data-widget_type=\"image.default\">\n\t\t\t\t<div class=\"elementor-widget-container\">\n\t\t\t\t\t\t\t\t\t\t\t\t\t\t\t<img loading=\"lazy\" decoding=\"async\" width=\"1133\" height=\"755\" src=\"https:\/\/hotelnagykanizsa.hu\/wp-content\/uploads\/2025\/06\/oazis-udvar-SIG04523.jpg\" class=\"attachment-full size-full wp-image-2303\" alt=\"\" srcset=\"https:\/\/hotelnagykanizsa.hu\/wp-content\/uploads\/2025\/06\/oazis-udvar-SIG04523.jpg 1133w, https:\/\/hotelnagykanizsa.hu\/wp-content\/uploads\/2025\/06\/oazis-udvar-SIG04523-300x200.jpg 300w, https:\/\/hotelnagykanizsa.hu\/wp-content\/uploads\/2025\/06\/oazis-udvar-SIG04523-1024x682.jpg 1024w, https:\/\/hotelnagykanizsa.hu\/wp-content\/uploads\/2025\/06\/oazis-udvar-SIG04523-768x512.jpg 768w, https:\/\/hotelnagykanizsa.hu\/wp-content\/uploads\/2025\/06\/oazis-udvar-SIG04523-18x12.jpg 18w\" sizes=\"(max-width: 1133px) 100vw, 1133px\" \/>\t\t\t\t\t\t\t\t\t\t\t\t\t\t\t<\/div>\n\t\t\t\t<\/div>\n\t\t\t\t<div class=\"elementor-element elementor-element-49cbc62 elementor-widget elementor-widget-image-box\" data-id=\"49cbc62\" data-element_type=\"widget\" data-widget_type=\"image-box.default\">\n\t\t\t\t<div class=\"elementor-widget-container\">\n\t\t\t\t\t<div class=\"elementor-image-box-wrapper\"><div class=\"elementor-image-box-content\"><h3 class=\"elementor-image-box-title\">Barbecue facilities<\/h3><p class=\"elementor-image-box-description\">A z\u00e1rt udvarunkban tal\u00e1lhat\u00f3 grillez\u0151hely igazi \u00e9lm\u00e9nyt ny\u00fajt csal\u00e1dok \u00e9s bar\u00e1ti t\u00e1rsas\u00e1gok sz\u00e1m\u00e1ra. A hangulatos filag\u00f3ria \u00e1rny\u00e9k\u00e1ban minden adott a kellemes kinti \u00e9tkez\u00e9sekhez, ahol a friss leveg\u0151 \u00e9s a bar\u00e1ti t\u00e1rsas\u00e1g mellett m\u00e9g a grillez\u00e9s \u00f6r\u00f6meit is \u00e9lvezhetik a vend\u00e9gek. A grillez\u00e9s mellett kellemes id\u0151t\u00f6lt\u00e9st k\u00edn\u00e1l a szabadt\u00e9ri pihen\u00e9s, mik\u00f6zben az \u00e9tkez\u00e9sek elk\u00e9sz\u00edt\u00e9se k\u00f6zben a sz\u00f3rakoz\u00e1s is biztos\u00edtott.\n<\/p><\/div><\/div>\t\t\t\t<\/div>\n\t\t\t\t<\/div>\n\t\t\t\t<\/div>\n\t\t<div class=\"elementor-element elementor-element-6cb7a70 e-con-full e-flex e-con e-child\" data-id=\"6cb7a70\" data-element_type=\"container\">\n\t\t\t\t<div class=\"elementor-element elementor-element-0c403ba elementor-widget elementor-widget-image\" data-id=\"0c403ba\" data-element_type=\"widget\" data-widget_type=\"image.default\">\n\t\t\t\t<div class=\"elementor-widget-container\">\n\t\t\t\t\t\t\t\t\t\t\t\t\t\t\t<img loading=\"lazy\" decoding=\"async\" width=\"1133\" height=\"755\" src=\"https:\/\/hotelnagykanizsa.hu\/wp-content\/uploads\/2025\/06\/oazis-udvar-SIG04532.jpg\" class=\"attachment-full size-full wp-image-2318\" alt=\"\" srcset=\"https:\/\/hotelnagykanizsa.hu\/wp-content\/uploads\/2025\/06\/oazis-udvar-SIG04532.jpg 1133w, https:\/\/hotelnagykanizsa.hu\/wp-content\/uploads\/2025\/06\/oazis-udvar-SIG04532-300x200.jpg 300w, https:\/\/hotelnagykanizsa.hu\/wp-content\/uploads\/2025\/06\/oazis-udvar-SIG04532-1024x682.jpg 1024w, https:\/\/hotelnagykanizsa.hu\/wp-content\/uploads\/2025\/06\/oazis-udvar-SIG04532-768x512.jpg 768w, https:\/\/hotelnagykanizsa.hu\/wp-content\/uploads\/2025\/06\/oazis-udvar-SIG04532-18x12.jpg 18w\" sizes=\"(max-width: 1133px) 100vw, 1133px\" \/>\t\t\t\t\t\t\t\t\t\t\t\t\t\t\t<\/div>\n\t\t\t\t<\/div>\n\t\t\t\t<div class=\"elementor-element elementor-element-9c39bc3 elementor-widget elementor-widget-image-box\" data-id=\"9c39bc3\" data-element_type=\"widget\" data-widget_type=\"image-box.default\">\n\t\t\t\t<div class=\"elementor-widget-container\">\n\t\t\t\t\t<div class=\"elementor-image-box-wrapper\"><div class=\"elementor-image-box-content\"><h3 class=\"elementor-image-box-title\">Playground for children in the yard<\/h3><p class=\"elementor-image-box-description\">Sz\u00e1llod\u00e1nk udvar\u00e1n a gyermekek sz\u00e1m\u00e1ra is biztos\u00edtott a sz\u00f3rakoz\u00e1s, hisz egy biztons\u00e1gos gyermekj\u00e1tsz\u00f3 is kialak\u00edt\u00e1sra ker\u00fclt cs\u00faszd\u00e1val, fah\u00e1zzal \u00e9s hint\u00e1val. Ezek mind hozz\u00e1j\u00e1rulnak ahhoz, hogy a gyerekek vid\u00e1m \u00e9s \u00e9lm\u00e9nyd\u00fas pillanatokat t\u00f6lthessenek el. A sz\u00fcl\u0151k sz\u00e1m\u00e1ra pedig a k\u00f6zeli pihen\u0151helyek lehet\u0151s\u00e9get biztos\u00edtanak, hogy fel\u00fcgyelj\u00e9k gyermekeiket, mik\u00f6zben maguk is \u00e9lvezhetik a friss leveg\u0151t \u00e9s a nyugodt k\u00f6rnyezetet.\n<\/p><\/div><\/div>\t\t\t\t<\/div>\n\t\t\t\t<\/div>\n\t\t\t\t<\/div>\n\t\t<div class=\"elementor-element elementor-element-a8ef894 e-con-full e-flex e-con e-child\" data-id=\"a8ef894\" data-element_type=\"container\">\n\t\t\t\t<div class=\"elementor-element elementor-element-aba53f8 elementor-widget elementor-widget-image\" data-id=\"aba53f8\" data-element_type=\"widget\" data-widget_type=\"image.default\">\n\t\t\t\t<div class=\"elementor-widget-container\">\n\t\t\t\t\t\t\t\t\t\t\t\t\t\t\t<img loading=\"lazy\" decoding=\"async\" width=\"1131\" height=\"754\" src=\"https:\/\/hotelnagykanizsa.hu\/wp-content\/uploads\/2025\/06\/oazis-udvar-SIG04479-HDR.jpg\" class=\"attachment-full size-full wp-image-2271\" alt=\"\" srcset=\"https:\/\/hotelnagykanizsa.hu\/wp-content\/uploads\/2025\/06\/oazis-udvar-SIG04479-HDR.jpg 1131w, https:\/\/hotelnagykanizsa.hu\/wp-content\/uploads\/2025\/06\/oazis-udvar-SIG04479-HDR-300x200.jpg 300w, https:\/\/hotelnagykanizsa.hu\/wp-content\/uploads\/2025\/06\/oazis-udvar-SIG04479-HDR-1024x683.jpg 1024w, https:\/\/hotelnagykanizsa.hu\/wp-content\/uploads\/2025\/06\/oazis-udvar-SIG04479-HDR-768x512.jpg 768w, https:\/\/hotelnagykanizsa.hu\/wp-content\/uploads\/2025\/06\/oazis-udvar-SIG04479-HDR-18x12.jpg 18w\" sizes=\"(max-width: 1131px) 100vw, 1131px\" \/>\t\t\t\t\t\t\t\t\t\t\t\t\t\t\t<\/div>\n\t\t\t\t<\/div>\n\t\t\t\t<div class=\"elementor-element elementor-element-a78dc46 elementor-widget elementor-widget-image-box\" data-id=\"a78dc46\" data-element_type=\"widget\" data-widget_type=\"image-box.default\">\n\t\t\t\t<div class=\"elementor-widget-container\">\n\t\t\t\t\t<div class=\"elementor-image-box-wrapper\"><div class=\"elementor-image-box-content\"><h3 class=\"elementor-image-box-title\">Ker\u00e9kp\u00e1rk\u00f6lcs\u00f6nz\u00e9s<\/h3><p class=\"elementor-image-box-description\">Azoknak, akik k\u00e9t ker\u00e9ken szeretn\u00e9k felfedezni a k\u00f6rny\u00e9k csod\u00e1it, korl\u00e1tozott sz\u00e1mban ker\u00e9kp\u00e1rk\u00f6lcs\u00f6nz\u00e9si lehet\u0151s\u00e9get biztos\u00edtunk.\n<\/p><\/div><\/div>\t\t\t\t<\/div>\n\t\t\t\t<\/div>\n\t\t\t\t<\/div>\n\t\t\t\t<\/div>\n\t\t<div class=\"elementor-element elementor-element-2f0003b e-con-full e-flex e-con e-child\" data-id=\"2f0003b\" data-element_type=\"container\">\n\t\t<div class=\"elementor-element elementor-element-ec1d338 e-con-full e-flex e-con e-child\" data-id=\"ec1d338\" data-element_type=\"container\">\n\t\t\t\t<div class=\"elementor-element elementor-element-c8a6118 elementor-widget elementor-widget-image\" data-id=\"c8a6118\" data-element_type=\"widget\" data-widget_type=\"image.default\">\n\t\t\t\t<div class=\"elementor-widget-container\">\n\t\t\t\t\t\t\t\t\t\t\t\t\t\t\t<img loading=\"lazy\" decoding=\"async\" width=\"1073\" height=\"715\" src=\"https:\/\/hotelnagykanizsa.hu\/wp-content\/uploads\/2025\/06\/oazis-udvar-SIG04505.jpg\" class=\"attachment-full size-full wp-image-2320\" alt=\"\" srcset=\"https:\/\/hotelnagykanizsa.hu\/wp-content\/uploads\/2025\/06\/oazis-udvar-SIG04505.jpg 1073w, https:\/\/hotelnagykanizsa.hu\/wp-content\/uploads\/2025\/06\/oazis-udvar-SIG04505-300x200.jpg 300w, https:\/\/hotelnagykanizsa.hu\/wp-content\/uploads\/2025\/06\/oazis-udvar-SIG04505-1024x682.jpg 1024w, https:\/\/hotelnagykanizsa.hu\/wp-content\/uploads\/2025\/06\/oazis-udvar-SIG04505-768x512.jpg 768w, https:\/\/hotelnagykanizsa.hu\/wp-content\/uploads\/2025\/06\/oazis-udvar-SIG04505-18x12.jpg 18w\" sizes=\"(max-width: 1073px) 100vw, 1073px\" \/>\t\t\t\t\t\t\t\t\t\t\t\t\t\t\t<\/div>\n\t\t\t\t<\/div>\n\t\t\t\t<div class=\"elementor-element elementor-element-7722398 elementor-widget elementor-widget-image-box\" data-id=\"7722398\" data-element_type=\"widget\" data-widget_type=\"image-box.default\">\n\t\t\t\t<div class=\"elementor-widget-container\">\n\t\t\t\t\t<div class=\"elementor-image-box-wrapper\"><div class=\"elementor-image-box-content\"><h3 class=\"elementor-image-box-title\">Z\u00e1rt parkol\u00f3<\/h3><p class=\"elementor-image-box-description\">Sz\u00e1ll\u00e1shely\u00fcnk korl\u00e1tozott sz\u00e1m\u00fa z\u00e1rt parkol\u00f3val rendelkezik, melyhez ig\u00e9ny eset\u00e9n elektromos aut\u00f3 t\u00f6lt\u00e9si lehet\u0151s\u00e9g fel\u00e1r ellen\u00e9ben biztos\u00edtott. \n<\/p><\/div><\/div>\t\t\t\t<\/div>\n\t\t\t\t<\/div>\n\t\t\t\t<\/div>\n\t\t<div class=\"elementor-element elementor-element-75ea64a e-con-full elementor-hidden-mobile e-flex e-con e-child\" data-id=\"75ea64a\" data-element_type=\"container\">\n\t\t\t\t<\/div>\n\t\t<div class=\"elementor-element elementor-element-4b99f58 e-con-full elementor-hidden-mobile e-flex e-con e-child\" data-id=\"4b99f58\" data-element_type=\"container\">\n\t\t\t\t<\/div>\n\t\t\t\t<\/div>\n\t\t\t\t<\/div>\n\t\t\t\t\t<\/div>\n\t\t\t\t<\/div>\n\t\t\t\t<\/div>","protected":false},"excerpt":{"rendered":"<p>Szolg\u00e1ltat\u00e1saink Wellness Egyed\u00fcl\u00e1ll\u00f3 Alhambra wellness r\u00e9szleg\u00fcnk v\u00e1rja pihenni v\u00e1gy\u00f3 vend\u00e9geinket, ahol egy jacuzzi \u00e9s k\u00e9t f\u00e9le szauna, finn \u00e9s kombin\u00e1lt finn\/infra szauna, mer\u00fcl\u0151 medence \u00e9s nyug\u00e1gyak biztos\u00edtj\u00e1k a t\u00f6k\u00e9letes pihen\u00e9st kellemes, l\u00e1gy relax\u00e1ci\u00f3s zene k\u00eds\u00e9ret\u00e9ben. Wellness r\u00e9szleg\u00fcnket lehet\u0151s\u00e9g van k\u00fcls\u0151s vend\u00e9gek sz\u00e1m\u00e1ra is ig\u00e9nybe venni. Rendezv\u00e9nyterem Konferenciaterm\u00fcnk ide\u00e1lis helysz\u00ednt biztos\u00edt 60 f\u0151ig egy\u00e9ni ig\u00e9nyek alapj\u00e1n [&hellip;]<\/p>","protected":false},"author":1,"featured_media":0,"parent":0,"menu_order":0,"comment_status":"closed","ping_status":"closed","template":"","meta":{"site-sidebar-layout":"no-sidebar","site-content-layout":"page-builder","ast-site-content-layout":"full-width-container","site-content-style":"default","site-sidebar-style":"default","ast-global-header-display":"","ast-banner-title-visibility":"","ast-main-header-display":"","ast-hfb-above-header-display":"","ast-hfb-below-header-display":"","ast-hfb-mobile-header-display":"","site-post-title":"disabled","ast-breadcrumbs-content":"","ast-featured-img":"disabled","footer-sml-layout":"","theme-transparent-header-meta":"","adv-header-id-meta":"","stick-header-meta":"","header-above-stick-meta":"","header-main-stick-meta":"","header-below-stick-meta":"","astra-migrate-meta-layouts":"set","ast-page-background-enabled":"default","ast-page-background-meta":{"desktop":{"background-color":"","background-image":"","background-repeat":"repeat","background-position":"center center","background-size":"auto","background-attachment":"scroll","background-type":"","background-media":"","overlay-type":"","overlay-color":"","overlay-opacity":"","overlay-gradient":""},"tablet":{"background-color":"","background-image":"","background-repeat":"repeat","background-position":"center center","background-size":"auto","background-attachment":"scroll","background-type":"","background-media":"","overlay-type":"","overlay-color":"","overlay-opacity":"","overlay-gradient":""},"mobile":{"background-color":"","background-image":"","background-repeat":"repeat","background-position":"center center","background-size":"auto","background-attachment":"scroll","background-type":"","background-media":"","overlay-type":"","overlay-color":"","overlay-opacity":"","overlay-gradient":""}},"ast-content-background-meta":{"desktop":{"background-color":"var(--ast-global-color-5)","background-image":"","background-repeat":"repeat","background-position":"center center","background-size":"auto","background-attachment":"scroll","background-type":"","background-media":"","overlay-type":"","overlay-color":"","overlay-opacity":"","overlay-gradient":""},"tablet":{"background-color":"var(--ast-global-color-5)","background-image":"","background-repeat":"repeat","background-position":"center center","background-size":"auto","background-attachment":"scroll","background-type":"","background-media":"","overlay-type":"","overlay-color":"","overlay-opacity":"","overlay-gradient":""},"mobile":{"background-color":"var(--ast-global-color-5)","background-image":"","background-repeat":"repeat","background-position":"center center","background-size":"auto","background-attachment":"scroll","background-type":"","background-media":"","overlay-type":"","overlay-color":"","overlay-opacity":"","overlay-gradient":""}},"footnotes":""},"class_list":["post-789","page","type-page","status-publish","hentry"],"_links":{"self":[{"href":"https:\/\/hotelnagykanizsa.hu\/en\/wp-json\/wp\/v2\/pages\/789","targetHints":{"allow":["GET"]}}],"collection":[{"href":"https:\/\/hotelnagykanizsa.hu\/en\/wp-json\/wp\/v2\/pages"}],"about":[{"href":"https:\/\/hotelnagykanizsa.hu\/en\/wp-json\/wp\/v2\/types\/page"}],"author":[{"embeddable":true,"href":"https:\/\/hotelnagykanizsa.hu\/en\/wp-json\/wp\/v2\/users\/1"}],"replies":[{"embeddable":true,"href":"https:\/\/hotelnagykanizsa.hu\/en\/wp-json\/wp\/v2\/comments?post=789"}],"version-history":[{"count":19,"href":"https:\/\/hotelnagykanizsa.hu\/en\/wp-json\/wp\/v2\/pages\/789\/revisions"}],"predecessor-version":[{"id":2402,"href":"https:\/\/hotelnagykanizsa.hu\/en\/wp-json\/wp\/v2\/pages\/789\/revisions\/2402"}],"wp:attachment":[{"href":"https:\/\/hotelnagykanizsa.hu\/en\/wp-json\/wp\/v2\/media?parent=789"}],"curies":[{"name":"wp","href":"https:\/\/api.w.org\/{rel}","templated":true}]}}